{"id":54,"date":"2009-08-15T15:08:28","date_gmt":"2009-08-15T20:08:28","guid":{"rendered":"http:\/\/www.basquade.com\/wpin\/?page_id=54"},"modified":"2025-04-02T08:31:41","modified_gmt":"2025-04-02T12:01:41","slug":"contacto","status":"publish","type":"page","link":"https:\/\/www.basquade.com\/wpin\/contacto\/","title":{"rendered":"Contacto"},"content":{"rendered":"<p style=\"text-align: center;\">Basq\u00fcad\u00e9 es una f\u00f3rmula exclusiva de<br \/>\n<a href=\"http:\/\/www.farmeco.com.uy\">FARMECO &#8211; FARMACIA ECOL\u00d3GICA DEL URUGUAY<\/a><\/p>\n<p style=\"text-align: center;\"><a href=\"http:\/\/www.farmeco.com.uy\"><img loading=\"lazy\" decoding=\"async\" class=\"aligncenter size-medium wp-image-365\" src=\"http:\/\/www.basquade.com\/wpin\/wp-content\/uploads\/2009\/08\/farmeco_logo-300x115.jpg\" alt=\"\" width=\"300\" height=\"115\" srcset=\"https:\/\/www.basquade.com\/wpin\/wp-content\/uploads\/2009\/08\/farmeco_logo-300x115.jpg 300w, https:\/\/www.basquade.com\/wpin\/wp-content\/uploads\/2009\/08\/farmeco_logo-150x58.jpg 150w, https:\/\/www.basquade.com\/wpin\/wp-content\/uploads\/2009\/08\/farmeco_logo.jpg 478w\" sizes=\"auto, (max-width: 300px) 100vw, 300px\" \/><\/a><\/p>\n<p style=\"text-align: center;\">Zabala 1377 &#8211; Tel. (598) 2915 0904 &#8211; 2915 0509\u00a0 Whatsapp (598) 95854532<br \/>\nMontevideo &#8211; Uruguay<\/p>\n<p style=\"text-align: center;\"><form id=\"basquade-contacto\" class=\"visual-form-builder\" method=\"post\" enctype=\"multipart\/form-data\" action=\"\">\n\t\t\t\t\t\t\t<input type=\"hidden\" name=\"form_id\" value=\"4\" \/><input type=\"hidden\" id=\"_wpnonce\" name=\"_wpnonce\" value=\"65e3d538bc\" \/><fieldset class=\"fieldset fieldset-1 contacto\" id=\"vfb-contacto-43\"><div class=\"legend\"><h3>Contacto<\/h3><\/div><ul class=\"section section-1\"><li class=\"item item-text\" id=\"item-vfb-nombre-49\"><label for=\"vfb-nombre-49\" class=\"desc\">Nombre <span>*<\/span><\/label><input type=\"text\" name=\"vfb-49\" id=\"vfb-nombre-49\" value=\"\" class=\"text medium required\" \/><\/li><li class=\"item item-email\" id=\"item-vfb-email-47\"><label for=\"vfb-email-47\" class=\"desc\">Email <span>*<\/span><\/label><input type=\"text\" name=\"vfb-47\" id=\"vfb-email-47\" value=\"\" class=\"text medium required email\" \/><\/li><li class=\"item item-textarea\" id=\"item-vfb-mensaje-48\"><label for=\"vfb-mensaje-48\" class=\"desc\">Mensaje<\/label><span><label>Escriba aqu\u00ed su mensaje<\/label><\/span><textarea name=\"vfb-48\" id=\"vfb-mensaje-48\" class=\"textarea medium\"><\/textarea><\/li><li class=\"item item-submit\" id=\"vfb-enviar-46\"><input type=\"submit\" name=\"visual-form-builder-submit\" value=\"Enviar\" class=\"submit\" id=\"sendmail\" \/><\/li><\/ul><br \/><\/fieldset><\/form><\/p>\n","protected":false},"excerpt":{"rendered":"<p>Basq\u00fcad\u00e9 es una f\u00f3rmula exclusiva de FARMECO &#8211; FARMACIA ECOL\u00d3GICA DEL URUGUAY Zabala 1377 &#8211; Tel. (598) 2915 0904 &#8211; 2915 0509\u00a0 Whatsapp (598) 95854532 Montevideo &#8211; Uruguay<\/p>\n","protected":false},"author":2,"featured_media":0,"parent":0,"menu_order":13,"comment_status":"open","ping_status":"open","template":"","meta":{"_monsterinsights_skip_tracking":false,"_monsterinsights_sitenote_active":false,"_monsterinsights_sitenote_note":"","_monsterinsights_sitenote_category":0,"footnotes":""},"class_list":["post-54","page","type-page","status-publish","hentry"],"_links":{"self":[{"href":"https:\/\/www.basquade.com\/wpin\/wp-json\/wp\/v2\/pages\/54","targetHints":{"allow":["GET"]}}],"collection":[{"href":"https:\/\/www.basquade.com\/wpin\/wp-json\/wp\/v2\/pages"}],"about":[{"href":"https:\/\/www.basquade.com\/wpin\/wp-json\/wp\/v2\/types\/page"}],"author":[{"embeddable":true,"href":"https:\/\/www.basquade.com\/wpin\/wp-json\/wp\/v2\/users\/2"}],"replies":[{"embeddable":true,"href":"https:\/\/www.basquade.com\/wpin\/wp-json\/wp\/v2\/comments?post=54"}],"version-history":[{"count":24,"href":"https:\/\/www.basquade.com\/wpin\/wp-json\/wp\/v2\/pages\/54\/revisions"}],"predecessor-version":[{"id":20511,"href":"https:\/\/www.basquade.com\/wpin\/wp-json\/wp\/v2\/pages\/54\/revisions\/20511"}],"wp:attachment":[{"href":"https:\/\/www.basquade.com\/wpin\/wp-json\/wp\/v2\/media?parent=54"}],"curies":[{"name":"wp","href":"https:\/\/api.w.org\/{rel}","templated":true}]}}