{"id":650,"date":"2017-11-08T14:47:58","date_gmt":"2017-11-08T18:17:58","guid":{"rendered":"http:\/\/www.basquade.com\/wpin\/?page_id=650"},"modified":"2017-11-08T14:53:17","modified_gmt":"2017-11-08T18:23:17","slug":"adquirir-2","status":"publish","type":"page","link":"https:\/\/www.basquade.com\/wpin\/adquirir-2\/","title":{"rendered":"Adquirir"},"content":{"rendered":"<p>Los precios est\u00e1n expresados en d\u00f3lares americanos independientemente del pa\u00eds en que se encuentre.<\/p>\n<p><a href=\"http:\/\/www.basquade.com\/wpin\/adquirir\" rel=\"attachment wp-att-651\"><img loading=\"lazy\" decoding=\"async\" class=\"aligncenter size-full wp-image-651\" src=\"http:\/\/www.basquade.com\/wpin\/wp-content\/uploads\/2017\/11\/boton-continuar.png\" alt=\"\" width=\"215\" height=\"68\" srcset=\"https:\/\/www.basquade.com\/wpin\/wp-content\/uploads\/2017\/11\/boton-continuar.png 215w, https:\/\/www.basquade.com\/wpin\/wp-content\/uploads\/2017\/11\/boton-continuar-150x47.png 150w, https:\/\/www.basquade.com\/wpin\/wp-content\/uploads\/2017\/11\/boton-continuar-50x16.png 50w\" sizes=\"auto, (max-width: 215px) 100vw, 215px\" \/><\/a><\/p>\n","protected":false},"excerpt":{"rendered":"<p>Los precios est\u00e1n expresados en d\u00f3lares americanos independientemente del pa\u00eds en que se encuentre.<\/p>\n","protected":false},"author":2,"featured_media":0,"parent":0,"menu_order":0,"comment_status":"closed","ping_status":"closed","template":"","meta":{"_monsterinsights_skip_tracking":false,"_monsterinsights_sitenote_active":false,"_monsterinsights_sitenote_note":"","_monsterinsights_sitenote_category":0,"footnotes":""},"class_list":["post-650","page","type-page","status-publish","hentry"],"_links":{"self":[{"href":"https:\/\/www.basquade.com\/wpin\/wp-json\/wp\/v2\/pages\/650","targetHints":{"allow":["GET"]}}],"collection":[{"href":"https:\/\/www.basquade.com\/wpin\/wp-json\/wp\/v2\/pages"}],"about":[{"href":"https:\/\/www.basquade.com\/wpin\/wp-json\/wp\/v2\/types\/page"}],"author":[{"embeddable":true,"href":"https:\/\/www.basquade.com\/wpin\/wp-json\/wp\/v2\/users\/2"}],"replies":[{"embeddable":true,"href":"https:\/\/www.basquade.com\/wpin\/wp-json\/wp\/v2\/comments?post=650"}],"version-history":[{"count":2,"href":"https:\/\/www.basquade.com\/wpin\/wp-json\/wp\/v2\/pages\/650\/revisions"}],"predecessor-version":[{"id":654,"href":"https:\/\/www.basquade.com\/wpin\/wp-json\/wp\/v2\/pages\/650\/revisions\/654"}],"wp:attachment":[{"href":"https:\/\/www.basquade.com\/wpin\/wp-json\/wp\/v2\/media?parent=650"}],"curies":[{"name":"wp","href":"https:\/\/api.w.org\/{rel}","templated":true}]}}