{"id":80,"date":"2009-08-15T21:22:27","date_gmt":"2009-08-16T02:22:27","guid":{"rendered":"http:\/\/www.basquade.com\/wpin\/?page_id=80"},"modified":"2015-08-27T19:16:57","modified_gmt":"2015-08-27T22:46:57","slug":"envie-su-caso-clinico","status":"publish","type":"page","link":"https:\/\/www.basquade.com\/wpin\/envie-su-caso-clinico\/","title":{"rendered":"Env\u00ede su Caso Cl\u00ednico"},"content":{"rendered":"<p>Env\u00ede los datos requeridos abajo y nuestro equipo m\u00e9dico encabezado por la Doctora Araceli Tashjian, le enviar\u00e1 su opini\u00f3n respecto del caso y los detalles particulares para realizar el tratamiento Basq\u00fcad\u00e9.<\/p>\n<p><form id=\"casoclinico\" class=\"visual-form-builder\" method=\"post\" enctype=\"multipart\/form-data\" action=\"\">\n\t\t\t\t\t\t\t<input type=\"hidden\" name=\"form_id\" value=\"1\" \/><input type=\"hidden\" id=\"_wpnonce\" name=\"_wpnonce\" value=\"ba9a2d8cd9\" \/><fieldset class=\"fieldset fieldset-1 caso-clinico\" id=\"vfb-caso-clinico-1\"><div class=\"legend\"><h3>Caso cl\u00ednico<\/h3><\/div><ul class=\"section section-1\"><li class=\"item item-text\" id=\"item-vfb-nombre-5\"><label for=\"vfb-nombre-5\" class=\"desc\">Nombre <span>*<\/span><\/label><span><input type=\"text\" name=\"vfb-5\" id=\"vfb-nombre-5\" value=\"\" class=\"text small required\" \/><label>Nombre del Paciente<\/label><\/span><\/li><li class=\"item item-text\" id=\"item-vfb-diagnostico-clinico-14\"><label for=\"vfb-diagnostico-clinico-14\" class=\"desc\">Diagn\u00f3stico Cl\u00ednico<\/label><span><input type=\"text\" name=\"vfb-14\" id=\"vfb-diagnostico-clinico-14\" value=\"\" class=\"text medium\" \/><label>Diagn\u00f3stico Cl\u00ednico<\/label><\/span><\/li><li class=\"item item-text\" id=\"item-vfb-diagnostico-anatomopatologico-13\"><label for=\"vfb-diagnostico-anatomopatologico-13\" class=\"desc\">Diagn\u00f3stico anatomopat\u00f3logico<\/label><span><input type=\"text\" name=\"vfb-13\" id=\"vfb-diagnostico-anatomopatologico-13\" value=\"\" class=\"text medium\" \/><label>(Tipo de c\u00e1ncer)<\/label><\/span><\/li><li class=\"item item-textarea\" id=\"item-vfb-historia-clinica-15\"><label for=\"vfb-historia-clinica-15\" class=\"desc\">Historia Cl\u00ednica<\/label><span><label>Breve resumen de la historia del paciente (tratamientos previos, estado de salud actual, etc)<\/label><\/span><textarea name=\"vfb-15\" id=\"vfb-historia-clinica-15\" class=\"textarea medium\"><\/textarea><\/li><li class=\"item item-file-upload\" id=\"item-vfb-adjuntar-archivo-16\"><label for=\"vfb-adjuntar-archivo-16\" class=\"desc\">Adjuntar archivo<\/label><span><input type=\"file\" size=\"35\" name=\"vfb-16\" id=\"vfb-adjuntar-archivo-16\" value=\"\" class=\"text medium {accept:'png|jpe?g|gif|pdf|jpg'}\" \/><label>Archivo en formato (png, jpg, gif o pdf)<\/label><\/span><\/li><li class=\"item item-file-upload\" id=\"item-vfb-adjuntar-archivo-2-20\"><label for=\"vfb-adjuntar-archivo-2-20\" class=\"desc\">Adjuntar archivo 2<\/label><span><input type=\"file\" size=\"35\" name=\"vfb-20\" id=\"vfb-adjuntar-archivo-2-20\" value=\"\" class=\"text medium {accept:'png|jpe?g|gif|pdf|jpg'}\" \/><label>Archivo en formato (png, jpg, gif o pdf)<\/label><\/span><\/li><li class=\"item item-file-upload\" id=\"item-vfb-adjuntar-archivo-3-21\"><label for=\"vfb-adjuntar-archivo-3-21\" class=\"desc\">Adjuntar archivo 3<\/label><span><input type=\"file\" size=\"35\" name=\"vfb-21\" id=\"vfb-adjuntar-archivo-3-21\" value=\"\" class=\"text medium {accept:'png|jpe?g|gif|pdf|jpg'}\" \/><label>Archivo en formato (png, jpg, gif o pdf)<\/label><\/span><\/li><li class=\"item item-text\" id=\"item-vfb-contacto-17\"><label for=\"vfb-contacto-17\" class=\"desc\">Contacto <span>*<\/span><\/label><span><input type=\"text\" name=\"vfb-17\" id=\"vfb-contacto-17\" value=\"\" class=\"text small required\" \/><label>Nombre del Contacto<\/label><\/span><\/li><li class=\"item item-text\" id=\"item-vfb-pais-19\"><label for=\"vfb-pais-19\" class=\"desc\">Pa\u00eds <span>*<\/span><\/label><input type=\"text\" name=\"vfb-19\" id=\"vfb-pais-19\" value=\"\" class=\"text small required\" \/><\/li><li class=\"item item-text\" id=\"item-vfb-ciudad-18\"><label for=\"vfb-ciudad-18\" class=\"desc\">Ciudad <span>*<\/span><\/label><input type=\"text\" name=\"vfb-18\" id=\"vfb-ciudad-18\" value=\"\" class=\"text small required\" \/><\/li><li class=\"item item-number\" id=\"item-vfb-telefono-12\"><label for=\"vfb-telefono-12\" class=\"desc\">Tel\u00e9fono<\/label><input type=\"text\" name=\"vfb-12\" id=\"vfb-telefono-12\" value=\"\" class=\"text small digits\" \/><\/li><li class=\"item item-email\" id=\"item-vfb-email-8\"><label for=\"vfb-email-8\" class=\"desc\">Email <span>*<\/span><\/label><span><input type=\"text\" name=\"vfb-8\" id=\"vfb-email-8\" value=\"\" class=\"text small required email\" \/><label>Email del contacto<\/label><\/span><\/li><li class=\"item item-date\" id=\"item-vfb-date-53\"><label for=\"vfb-date-53\" class=\"desc\">Date<\/label><input type=\"text\" name=\"vfb-53\" id=\"vfb-date-53\" value=\"\" class=\"text vfb-date-picker medium\" \/><\/li><li class=\"item item-submit\" id=\"vfb-enviar-4\"><input type=\"submit\" name=\"visual-form-builder-submit\" value=\"Enviar\" class=\"submit\" id=\"sendmail\" \/><\/li><\/ul><br \/><\/fieldset><\/form>Array<div class=\"gglcptch gglcptch_v2\"><div id=\"gglcptch_recaptcha_2861220012\" class=\"gglcptch_recaptcha\"><\/div>\n\t\t\t\t<noscript>\n\t\t\t\t\t<div style=\"width: 302px;\">\n\t\t\t\t\t\t<div style=\"width: 302px; height: 422px; position: relative;\">\n\t\t\t\t\t\t\t<div style=\"width: 302px; height: 422px; position: absolute;\">\n\t\t\t\t\t\t\t\t<iframe src=\"https:\/\/www.google.com\/recaptcha\/api\/fallback?k=6Ld35wsTAAAAACVTi37zyNyCHGxH5vTZEk_LYFUK\" frameborder=\"0\" scrolling=\"no\" style=\"width: 302px; height:422px; border-style: none;\"><\/iframe>\n\t\t\t\t\t\t\t<\/div>\n\t\t\t\t\t\t<\/div>\n\t\t\t\t\t\t<div style=\"border-style: none; bottom: 12px; left: 25px; margin: 0px; padding: 0px; right: 25px; background: #f9f9f9; border: 1px solid #c1c1c1; border-radius: 3px; height: 60px; width: 300px;\">\n\t\t\t\t\t\t\t<textarea id=\"g-recaptcha-response\" name=\"g-recaptcha-response\" class=\"g-recaptcha-response\" style=\"width: 250px !important; height: 40px !important; border: 1px solid #c1c1c1 !important; margin: 10px 25px !important; padding: 0px !important; resize: none !important;\"><\/textarea>\n\t\t\t\t\t\t<\/div>\n\t\t\t\t\t<\/div>\n\t\t\t\t<\/noscript><\/div><\/p>\n","protected":false},"excerpt":{"rendered":"<p>Env\u00ede los datos requeridos abajo y nuestro equipo m\u00e9dico encabezado por la Doctora Araceli Tashjian, le enviar\u00e1 su opini\u00f3n respecto del caso y los detalles particulares para realizar el tratamiento Basq\u00fcad\u00e9.<\/p>\n","protected":false},"author":2,"featured_media":0,"parent":0,"menu_order":10,"comment_status":"open","ping_status":"open","template":"","meta":{"_monsterinsights_skip_tracking":false,"_monsterinsights_sitenote_active":false,"_monsterinsights_sitenote_note":"","_monsterinsights_sitenote_category":0,"footnotes":""},"class_list":["post-80","page","type-page","status-publish","hentry"],"_links":{"self":[{"href":"https:\/\/www.basquade.com\/wpin\/wp-json\/wp\/v2\/pages\/80","targetHints":{"allow":["GET"]}}],"collection":[{"href":"https:\/\/www.basquade.com\/wpin\/wp-json\/wp\/v2\/pages"}],"about":[{"href":"https:\/\/www.basquade.com\/wpin\/wp-json\/wp\/v2\/types\/page"}],"author":[{"embeddable":true,"href":"https:\/\/www.basquade.com\/wpin\/wp-json\/wp\/v2\/users\/2"}],"replies":[{"embeddable":true,"href":"https:\/\/www.basquade.com\/wpin\/wp-json\/wp\/v2\/comments?post=80"}],"version-history":[{"count":8,"href":"https:\/\/www.basquade.com\/wpin\/wp-json\/wp\/v2\/pages\/80\/revisions"}],"predecessor-version":[{"id":370,"href":"https:\/\/www.basquade.com\/wpin\/wp-json\/wp\/v2\/pages\/80\/revisions\/370"}],"wp:attachment":[{"href":"https:\/\/www.basquade.com\/wpin\/wp-json\/wp\/v2\/media?parent=80"}],"curies":[{"name":"wp","href":"https:\/\/api.w.org\/{rel}","templated":true}]}}