{"id":98,"date":"2009-08-15T23:30:05","date_gmt":"2009-08-16T04:30:05","guid":{"rendered":"http:\/\/www.basquade.com\/wpin\/?page_id=98"},"modified":"2025-04-27T19:44:16","modified_gmt":"2025-04-27T23:14:16","slug":"trabajos-cientificos","status":"publish","type":"page","link":"https:\/\/www.basquade.com\/wpin\/trabajos-cientificos\/","title":{"rendered":"Ensayos Cient\u00edficos"},"content":{"rendered":"<p>Durante el proceso de desarrollo de Basq\u00fcad\u00e9\u00ae, se llevaron a cabo diversas etapas de investigaci\u00f3n, combinando estudios de campo con pruebas de laboratorio, con el objetivo de validar su eficacia y seguridad.<\/p>\n<p>En esta oportunidad, se presentan los resultados m\u00e1s relevantes obtenidos en ensayos de investigaci\u00f3n de laboratorio, centrados en las propiedades <strong>antitumorales<\/strong> de la formulaci\u00f3n, considerando que esta constituye su principal acci\u00f3n terap\u00e9utica.<\/p>\n<hr \/>\n<h2>Ensayos <em>in vitro<\/em> en L\u00edneas de C\u00e9lulas Tumorales de Origen Animal<\/h2>\n<p>Se realizaron estudios de citotoxicidad sobre cultivos celulares tumorales de origen animal. Los resultados mostraron:<\/p>\n<table>\n<thead>\n<tr>\n<th>Par\u00e1metro Evaluado<\/th>\n<th>Resultados Observados<\/th>\n<\/tr>\n<\/thead>\n<tbody>\n<tr>\n<td>Proliferaci\u00f3n celular<\/td>\n<td>Inhibici\u00f3n significativa de la tasa de crecimiento celular.<\/td>\n<\/tr>\n<tr>\n<td>Muerte celular programada (apoptosis)<\/td>\n<td>Evidencias claras de activaci\u00f3n de mecanismos apopt\u00f3ticos en c\u00e9lulas tratadas.<\/td>\n<\/tr>\n<tr>\n<td>Selectividad<\/td>\n<td>Efecto citot\u00f3xico preferencial sobre c\u00e9lulas tumorales, sin afectaci\u00f3n de c\u00e9lulas normales.<\/td>\n<\/tr>\n<\/tbody>\n<\/table>\n<p>Estos resultados sugieren que Basq\u00fcad\u00e9\u00ae act\u00faa de manera selectiva, induciendo muerte celular en tejidos tumorales sin comprometer la integridad de c\u00e9lulas sanas.<\/p>\n<hr \/>\n<h2>Ensayos <em>in vitro<\/em> en L\u00edneas de C\u00e9lulas Tumorales Humanas<\/h2>\n<p>Posteriormente, se realizaron ensayos similares sobre l\u00edneas celulares humanas de diferentes tipos de c\u00e1ncer. Se observaron:<\/p>\n<table>\n<thead>\n<tr>\n<th>Par\u00e1metro Evaluado<\/th>\n<th>Resultados Observados<\/th>\n<\/tr>\n<\/thead>\n<tbody>\n<tr>\n<td>Proliferaci\u00f3n celular<\/td>\n<td>Reducci\u00f3n significativa en la proliferaci\u00f3n de c\u00e9lulas tumorales humanas.<\/td>\n<\/tr>\n<tr>\n<td>Apoptosis<\/td>\n<td>Morfolog\u00eda celular y marcadores bioqu\u00edmicos compatibles con muerte celular programada.<\/td>\n<\/tr>\n<tr>\n<td>Tiempo de respuesta<\/td>\n<td>Inhibici\u00f3n de la proliferaci\u00f3n detectada en las primeras 24 horas posteriores a la aplicaci\u00f3n.<\/td>\n<\/tr>\n<\/tbody>\n<\/table>\n<p>Estos resultados refuerzan la evidencia de que Basq\u00fcad\u00e9\u00ae posee una acci\u00f3n antitumoral relevante, actuando de forma r\u00e1pida y eficaz sobre c\u00e9lulas de origen humano.<\/p>\n<hr \/>\n<h1>Conclusi\u00f3n<\/h1>\n<p>La suma de los resultados obtenidos en ensayos <em>in vitro<\/em>, tanto en l\u00edneas animales como humanas, confirma el potencial de Basq\u00fcad\u00e9\u00ae como un agente natural con actividad antitumoral significativa.<br \/>\nEl producto demostr\u00f3 una acci\u00f3n selectiva, promoviendo la apoptosis en c\u00e9lulas malignas sin toxicidad detectable sobre c\u00e9lulas sanas, validando su perfil de seguridad y efectividad para su uso complementario en tratamientos oncol\u00f3gicos.<\/p>\n<p style=\"text-align: center;\"><a href=\"http:\/\/www.basquade.com\/wpin\/ensayo-en-conicet\/\">Ensayo in-vitro en l\u00edneas de c\u00e9lulas tumorales de animales<\/a><\/p>\n<p style=\"text-align: center;\"><a href=\"http:\/\/www.basquade.com\/wpin\/ensayo-en-facultad-medicina\/\">Ensayo in-vitro en l\u00edneas de c\u00e9lulas tumorales humanas<\/a><\/p>\n<p class=\"cuerpo\" style=\"text-align: center;\">\n","protected":false},"excerpt":{"rendered":"<p>Durante el proceso de desarrollo de Basq\u00fcad\u00e9\u00ae, se llevaron a cabo diversas etapas de investigaci\u00f3n, combinando estudios de campo con pruebas de laboratorio, con el objetivo de validar su eficacia y seguridad. En esta oportunidad, se presentan los resultados m\u00e1s relevantes obtenidos en ensayos de investigaci\u00f3n de laboratorio, centrados en las propiedades antitumorales de la&#8230;<\/p>\n","protected":false},"author":2,"featured_media":0,"parent":0,"menu_order":5,"comment_status":"open","ping_status":"open","template":"","meta":{"_monsterinsights_skip_tracking":false,"_monsterinsights_sitenote_active":false,"_monsterinsights_sitenote_note":"","_monsterinsights_sitenote_category":0,"footnotes":""},"class_list":["post-98","page","type-page","status-publish","hentry"],"_links":{"self":[{"href":"https:\/\/www.basquade.com\/wpin\/wp-json\/wp\/v2\/pages\/98","targetHints":{"allow":["GET"]}}],"collection":[{"href":"https:\/\/www.basquade.com\/wpin\/wp-json\/wp\/v2\/pages"}],"about":[{"href":"https:\/\/www.basquade.com\/wpin\/wp-json\/wp\/v2\/types\/page"}],"author":[{"embeddable":true,"href":"https:\/\/www.basquade.com\/wpin\/wp-json\/wp\/v2\/users\/2"}],"replies":[{"embeddable":true,"href":"https:\/\/www.basquade.com\/wpin\/wp-json\/wp\/v2\/comments?post=98"}],"version-history":[{"count":11,"href":"https:\/\/www.basquade.com\/wpin\/wp-json\/wp\/v2\/pages\/98\/revisions"}],"predecessor-version":[{"id":20526,"href":"https:\/\/www.basquade.com\/wpin\/wp-json\/wp\/v2\/pages\/98\/revisions\/20526"}],"wp:attachment":[{"href":"https:\/\/www.basquade.com\/wpin\/wp-json\/wp\/v2\/media?parent=98"}],"curies":[{"name":"wp","href":"https:\/\/api.w.org\/{rel}","templated":true}]}}